{"id":3620,"date":"2024-03-14T12:02:08","date_gmt":"2024-03-14T12:02:08","guid":{"rendered":"https:\/\/culturaltourism.gr\/?page_id=3620"},"modified":"2024-04-09T13:45:47","modified_gmt":"2024-04-09T13:45:47","slug":"music","status":"publish","type":"page","link":"https:\/\/culturaltourism.gr\/fr\/intangible-cultural-heritage\/music\/","title":{"rendered":"Musique"},"content":{"rendered":"<div data-elementor-type=\"wp-page\" data-elementor-id=\"3620\" class=\"elementor elementor-3620\" data-elementor-post-type=\"page\">\n\t\t\t\t<div data-dce-background-image-url=\"https:\/\/culturaltourism.gr\/wp-content\/uploads\/2023\/03\/\u03bc\u03bf\u03c5\u03c3\u03b9\u03ba\u03bf-\u03ba\u03b1\u03c6\u03b5\u03bd\u03b5\u03b9\u03bf10-960x640-1.jpg\" class=\"elementor-element elementor-element-c1259ea e-flex e-con-boxed e-con e-parent\" data-id=\"c1259ea\" data-element_type=\"container\" data-settings=\"{&quot;background_background&quot;:&quot;classic&quot;}\">\n\t\t\t\t\t<div class=\"e-con-inner\">\n\t\t\t\t<div class=\"elementor-element elementor-element-0b7b8c3 elementor-widget elementor-widget-heading\" data-id=\"0b7b8c3\" data-element_type=\"widget\" data-widget_type=\"heading.default\">\n\t\t\t\t<div class=\"elementor-widget-container\">\n\t\t\t<style>\/*! elementor - v3.22.0 - 26-06-2024 *\/\n.elementor-heading-title{padding:0;margin:0;line-height:1}.elementor-widget-heading .elementor-heading-title[class*=elementor-size-]>a{color:inherit;font-size:inherit;line-height:inherit}.elementor-widget-heading .elementor-heading-title.elementor-size-small{font-size:15px}.elementor-widget-heading .elementor-heading-title.elementor-size-medium{font-size:19px}.elementor-widget-heading .elementor-heading-title.elementor-size-large{font-size:29px}.elementor-widget-heading .elementor-heading-title.elementor-size-xl{font-size:39px}.elementor-widget-heading .elementor-heading-title.elementor-size-xxl{font-size:59px}<\/style><h2 class=\"elementor-heading-title elementor-size-default\">Traditionnel <span style=\"color:#FC633F\">musique<\/span><\/h2>\t\t<\/div>\n\t\t\t\t<\/div>\n\t\t\t\t\t<\/div>\n\t\t\t\t<\/div>\n\t\t<div data-dce-background-overlay-image-url=\"https:\/\/culturaltourism.gr\/wp-content\/uploads\/2023\/03\/Layer0-2.svg\" class=\"elementor-element elementor-element-ff71923 e-flex e-con-boxed e-con e-parent\" data-id=\"ff71923\" data-element_type=\"container\">\n\t\t\t\t\t<div class=\"e-con-inner\">\n\t\t\t\t<div class=\"elementor-element elementor-element-a98d277 elementor-widget elementor-widget-text-editor\" data-id=\"a98d277\" data-element_type=\"widget\" data-widget_type=\"text-editor.default\">\n\t\t\t\t<div class=\"elementor-widget-container\">\n\t\t\t<style>\/*! elementor - v3.22.0 - 26-06-2024 *\/\n.elementor-widget-text-editor.elementor-drop-cap-view-stacked .elementor-drop-cap{background-color:#69727d;color:#fff}.elementor-widget-text-editor.elementor-drop-cap-view-framed .elementor-drop-cap{color:#69727d;border:3px solid;background-color:transparent}.elementor-widget-text-editor:not(.elementor-drop-cap-view-default) .elementor-drop-cap{margin-top:8px}.elementor-widget-text-editor:not(.elementor-drop-cap-view-default) .elementor-drop-cap-letter{width:1em;height:1em}.elementor-widget-text-editor .elementor-drop-cap{float:left;text-align:center;line-height:1;font-size:50px}.elementor-widget-text-editor .elementor-drop-cap-letter{display:inline-block}<\/style>\t\t\t\t<p>La musique de Konitsa est unique, diversifi\u00e9e, pleine de couleurs et de styles qui n\u00e9cessitent des comp\u00e9tences de la part des musiciens.<br>qui l&#039;ex\u00e9cutera. Ainsi, tentant une premi\u00e8re p\u00e9n\u00e9tration au c\u0153ur de cette musique, nous identifions dans un orchestre traditionnel de Konitsa les instruments de musique suivants : la clarinette, le violon, le luth, l&#039;accord\u00e9on et le tambourin. La composition d&#039;un orchestre peut consister en diverses combinaisons des instruments ci-dessus, ainsi qu&#039;en la pr\u00e9sence de deux clarinettes ou de deux luths dans le m\u00eame orchestre, particularit\u00e9 que l&#039;on ne rencontre pas dans d&#039;autres r\u00e9gions de l&#039;\u00c9pire. La coexistence de deux clarinettes donne lieu \u00e0 un son tout \u00e0 fait unique caract\u00e9ris\u00e9 par le jeu des isons et du prima sigonto, un signal caract\u00e9ristique de la musique de Konitsa. Les clarinettes sont g\u00e9n\u00e9ralement les instruments solistes, le violon soit comme soliste soit comme instrument d&#039;accompagnement et les autres instruments dans un r\u00f4le d&#039;accompagnement. Une caract\u00e9ristique tr\u00e8s caract\u00e9ristique des instruments solistes est qu&#039;un instrument (clarinette) joue la m\u00e9lodie principale tandis que le second a un double r\u00f4le, jouant soit la m\u00eame m\u00e9lodie une octave en dessous, soit une m\u00e9lodie similaire mais qui finit par \u00eatre la m\u00eame que celle du soliste. premi\u00e8re clarinette, ou parties \u00e9gales ou petites phrases qui compl\u00e8tent et remplissent la m\u00e9lodie celle-ci. Enfin, le chant est principalement polyphonique et g\u00e9n\u00e9ralement les membres de l&#039;orchestre chantent ensemble, sans qu&#039;il n&#039;existe de chanteur individuel.<\/p>\n<p><b>Artistes de la r\u00e9gion<\/b><\/p>\n<p>Certains des principaux repr\u00e9sentants de cette musique sont :<\/p>\n<p>Clarinette : M. Panousakos, K. Chalkias, G. Chalkias, N. Filippidis, Th. Christopoulos, Alexiou Nikos-Panos.<\/p>\n<p>Violon : M. Christopoulos, D. Christopoulos, S. Panousakos.<\/p>\n<p>Luth : S. Gioulekas, P. Chalkias, C. Kavakos, A. Mallis, C. Halkias, Th. Katsotas.<\/p>\n<p>Accord\u00e9on : Th. Christopoulos, K. Filippidis, DK Chalkias.<\/p>\n<p>Tambourin : R. Panousakos (Ritos), D. Chalkias, P. Nakos.<\/p>\n<p>Ce qui saute aux yeux au premier coup d&#039;\u0153il, ce sont les liens familiaux qui unissent les musiciens. Cela t\u00e9moigne du fait que la musique en tant que profession est \u00e9galement soumise \u00e0 la pens\u00e9e f\u00e9odale, puisque cette musique puise de nombreux \u00e9l\u00e9ments dans sa mentalit\u00e9 des temps pass\u00e9s, avec des syst\u00e8mes et des perceptions sociales et \u00e9conomiques diff\u00e9rents. Ce qui caract\u00e9rise cette approche, c&#039;est l&#039;engagement des familles dans les professions lib\u00e9rales. Ce ph\u00e9nom\u00e8ne s&#039;observe \u00e9galement dans la r\u00e9gion de Konitsa, la plupart des orchestres d\u00e9tenant une marque portant le nom de la famille du musicien. Par exemple l&#039;orchestre Halkiades, l&#039;orchestre Philippidis, etc. Bien s\u00fbr, il peut y avoir d&#039;autres membres dans le m\u00eame orchestre mais le nom de famille du clarinettiste est indissociable du nom de l&#039;orchestre.<\/p>\n<p><b>Danses de la r\u00e9gion<\/b><\/p>\n<p>Les danses que nous rencontrerons dans la zone plus large de Konitsa sont les suivantes : Sirtos en deux, Sirtos en trois, Zagorisios, Tsamikos, Sirtos en rythme \u00e0 7 points.<\/p>\n<p>Cependant, il existe aussi des danses sp\u00e9ciales, ind\u00e9pendantes, que l&#039;on rencontre \u00e9galement dans d&#039;autres r\u00e9gions de l&#039;\u00c9pire, comme la kleftes, la papadia, le berati, les Siamantas, la Gaida, la cornemuse (simple, double), etc. Il existe \u00e9galement des danses que l&#039;on ne trouve que dans la zone plus large de Konitsa, comme la Vlacha, le Padiotiko, la Gaida de Pyrsogianni.<\/p>\t\t\t\t\t\t<\/div>\n\t\t\t\t<\/div>\n\t\t\t\t\t<\/div>\n\t\t\t\t<\/div>\n\t\t<div data-dce-background-overlay-color=\"#EAEAD0\" class=\"elementor-element elementor-element-61b13ec e-flex e-con-boxed e-con e-parent\" data-id=\"61b13ec\" data-element_type=\"container\">\n\t\t\t\t\t<div class=\"e-con-inner\">\n\t\t\t\t<div class=\"elementor-element elementor-element-3c032f9 elementor-widget elementor-widget-html\" data-id=\"3c032f9\" data-element_type=\"widget\" data-widget_type=\"html.default\">\n\t\t\t\t<div class=\"elementor-widget-container\">\n\t\t\t<div class='tableauPlaceholder' id='viz1710942067088' style='position: relative'><noscript><a href='#'><img alt=' ' src='https:&#47;&#47;public.tableau.com&#47;static&#47;images&#47;_1&#47;_17109408656460&#47;sheet0&#47;1_rss.png' style='border: none' \/><\/a><\/noscript><object class='tableauViz'  style='display:none;'><param name='host_url' value='https%3A%2F%2Fpublic.tableau.com%2F' \/> <param name='embed_code_version' value='3' \/> <param name='site_root' value='' \/><param name='name' value='_17109408656460&#47;sheet0' \/><param name='tabs' value='no' \/><param name='toolbar' value='yes' \/><param name='static_image' value='https:&#47;&#47;public.tableau.com&#47;static&#47;images&#47;_1&#47;_17109408656460&#47;sheet0&#47;1.png' \/> <param name='animate_transition' value='yes' \/><param name='display_static_image' value='yes' \/><param name='display_spinner' value='yes' \/><param name='display_overlay' value='yes' \/><param name='display_count' value='yes' \/><param name='language' value='en-US' \/><\/object><\/div>                <script type='text\/javascript'>                    var divElement = document.getElementById('viz1710942067088');                    var vizElement = divElement.getElementsByTagName('object')[0];                    vizElement.style.minWidth='1120px';vizElement.style.maxWidth='100%';vizElement.style.minHeight='707px';vizElement.style.maxHeight=(divElement.offsetWidth*0.75)+'px';                    var scriptElement = document.createElement('script');                    scriptElement.src = 'https:\/\/public.tableau.com\/javascripts\/api\/viz_v1.js';                    vizElement.parentNode.insertBefore(scriptElement, vizElement);                <\/script>\t\t<\/div>\n\t\t\t\t<\/div>\n\t\t\t\t\t<\/div>\n\t\t\t\t<\/div>\n\t\t\t\t<\/div>","protected":false},"excerpt":{"rendered":"<p>Traditional music The music of Konitsa is unique, diverse, full of colours and styles that require skill from the musicianswho will perform it. Therefore, attempting a first penetration into the heart of this music, we identify in a traditional orchestra of Konitsa the following musical instruments: the clarinet, the violin, the lute, the accordion and [&hellip;]<\/p>","protected":false},"author":1,"featured_media":0,"parent":3616,"menu_order":0,"comment_status":"closed","ping_status":"closed","template":"","meta":{"_acf_changed":false,"inline_featured_image":false,"footnotes":""},"class_list":["post-3620","page","type-page","status-publish","hentry"],"acf":[],"_links":{"self":[{"href":"https:\/\/culturaltourism.gr\/fr\/wp-json\/wp\/v2\/pages\/3620","targetHints":{"allow":["GET"]}}],"collection":[{"href":"https:\/\/culturaltourism.gr\/fr\/wp-json\/wp\/v2\/pages"}],"about":[{"href":"https:\/\/culturaltourism.gr\/fr\/wp-json\/wp\/v2\/types\/page"}],"author":[{"embeddable":true,"href":"https:\/\/culturaltourism.gr\/fr\/wp-json\/wp\/v2\/users\/1"}],"replies":[{"embeddable":true,"href":"https:\/\/culturaltourism.gr\/fr\/wp-json\/wp\/v2\/comments?post=3620"}],"version-history":[{"count":28,"href":"https:\/\/culturaltourism.gr\/fr\/wp-json\/wp\/v2\/pages\/3620\/revisions"}],"predecessor-version":[{"id":4432,"href":"https:\/\/culturaltourism.gr\/fr\/wp-json\/wp\/v2\/pages\/3620\/revisions\/4432"}],"up":[{"embeddable":true,"href":"https:\/\/culturaltourism.gr\/fr\/wp-json\/wp\/v2\/pages\/3616"}],"wp:attachment":[{"href":"https:\/\/culturaltourism.gr\/fr\/wp-json\/wp\/v2\/media?parent=3620"}],"curies":[{"name":"wp","href":"https:\/\/api.w.org\/{rel}","templated":true}]}}