{"id":3618,"date":"2024-03-14T12:01:32","date_gmt":"2024-03-14T12:01:32","guid":{"rendered":"https:\/\/culturaltourism.gr\/?page_id=3618"},"modified":"2024-04-09T13:46:48","modified_gmt":"2024-04-09T13:46:48","slug":"traditional-dances","status":"publish","type":"page","link":"https:\/\/culturaltourism.gr\/fr\/intangible-cultural-heritage\/traditional-dances\/","title":{"rendered":"Danses traditionnelles"},"content":{"rendered":"<div data-elementor-type=\"wp-page\" data-elementor-id=\"3618\" class=\"elementor elementor-3618\" data-elementor-post-type=\"page\">\n\t\t\t\t<div data-dce-background-image-url=\"https:\/\/culturaltourism.gr\/wp-content\/uploads\/2023\/03\/47359a90eed3ee35f2dab5a3c718abb3_L.jpg\" class=\"elementor-element elementor-element-244bf8c e-flex e-con-boxed e-con e-parent\" data-id=\"244bf8c\" data-element_type=\"container\" data-settings=\"{&quot;background_background&quot;:&quot;classic&quot;}\">\n\t\t\t\t\t<div class=\"e-con-inner\">\n\t\t\t\t<div class=\"elementor-element elementor-element-05f124f elementor-widget elementor-widget-heading\" data-id=\"05f124f\" data-element_type=\"widget\" data-widget_type=\"heading.default\">\n\t\t\t\t<div class=\"elementor-widget-container\">\n\t\t\t<style>\/*! elementor - v3.22.0 - 26-06-2024 *\/\n.elementor-heading-title{padding:0;margin:0;line-height:1}.elementor-widget-heading .elementor-heading-title[class*=elementor-size-]>a{color:inherit;font-size:inherit;line-height:inherit}.elementor-widget-heading .elementor-heading-title.elementor-size-small{font-size:15px}.elementor-widget-heading .elementor-heading-title.elementor-size-medium{font-size:19px}.elementor-widget-heading .elementor-heading-title.elementor-size-large{font-size:29px}.elementor-widget-heading .elementor-heading-title.elementor-size-xl{font-size:39px}.elementor-widget-heading .elementor-heading-title.elementor-size-xxl{font-size:59px}<\/style><h2 class=\"elementor-heading-title elementor-size-default\">Traditionnel <span style=\"color:#FC633F\"> danses<\/h2>\t\t<\/div>\n\t\t\t\t<\/div>\n\t\t\t\t\t<\/div>\n\t\t\t\t<\/div>\n\t\t<div data-dce-background-overlay-image-url=\"https:\/\/culturaltourism.gr\/wp-content\/uploads\/2023\/03\/Layer0-2.svg\" class=\"elementor-element elementor-element-81b5d83 e-flex e-con-boxed e-con e-parent\" data-id=\"81b5d83\" data-element_type=\"container\">\n\t\t\t\t\t<div class=\"e-con-inner\">\n\t\t\t\t<div class=\"elementor-element elementor-element-5028993 elementor-widget elementor-widget-text-editor\" data-id=\"5028993\" data-element_type=\"widget\" data-widget_type=\"text-editor.default\">\n\t\t\t\t<div class=\"elementor-widget-container\">\n\t\t\t<style>\/*! elementor - v3.22.0 - 26-06-2024 *\/\n.elementor-widget-text-editor.elementor-drop-cap-view-stacked .elementor-drop-cap{background-color:#69727d;color:#fff}.elementor-widget-text-editor.elementor-drop-cap-view-framed .elementor-drop-cap{color:#69727d;border:3px solid;background-color:transparent}.elementor-widget-text-editor:not(.elementor-drop-cap-view-default) .elementor-drop-cap{margin-top:8px}.elementor-widget-text-editor:not(.elementor-drop-cap-view-default) .elementor-drop-cap-letter{width:1em;height:1em}.elementor-widget-text-editor .elementor-drop-cap{float:left;text-align:center;line-height:1;font-size:50px}.elementor-widget-text-editor .elementor-drop-cap-letter{display:inline-block}<\/style>\t\t\t\t<p>La province de Konitsa, qui couvre la zone s&#039;\u00e9tendant de Gramos \u00e0 Tymfi et limitrophe de la Mac\u00e9doine occidentale \u00e0 l&#039;est et de l&#039;Albanie \u00e0 l&#039;ouest, pr\u00e9sente ses propres caract\u00e9ristiques culturelles particuli\u00e8res en termes d&#039;expression et de cr\u00e9ation collectives telles que la musique et la danse. La \u00ab tradition \u00bb musicale et dansante de Konitsa comprend toute la riche vari\u00e9t\u00e9 de chants folkloriques : chants fun\u00e8bres, chants pour les r\u00e9fugi\u00e9s, chants de mariage, chants d&#039;amour et danses sp\u00e9ciales telles que Karapataki, Berati, Tsamikos, Syrtos, Sygathistos et Gaida. Les influences des r\u00e9gions voisines la rendent unique et tr\u00e8s diff\u00e9rente des traditions musicales et de danse du reste de l&#039;\u00c9pire. Les instruments couramment utilis\u00e9s et dominants dans l\u2019interpr\u00e9tation musicale des chants sont la clarinette, le luth, le violon et le tambourin. Ces derni\u00e8res ann\u00e9es, la pr\u00e9sence de l&#039;accord\u00e9on s&#039;est \u00e9tendue.<\/p><p><br \/>Certaines des danses les plus c\u00e9l\u00e8bres et particuli\u00e8res de la province de Konitsa sont les suivantes :<\/p><p><br \/><b>Anaselitsa <\/b>\u2013 danser \u00ab \u00e0 deux ou en superpos\u00e9 \u00bb. Le nom \u00ab Anaselitsa \u00bb indique que la danse se d\u00e9roule dans un ou plusieurs<br \/>deux \u00e9tapes. probablement son origine du village d&#039;Anaselitsa (aujourd&#039;hui Neapolis de Kozani) ou du<br \/>province de Voio Kozani en g\u00e9n\u00e9ral qui portait autrefois le nom d&#039;Anaselitsa. Il existe de nombreux types<br \/>danses dans la r\u00e9gion telles que \u00ab Gia mi me dernis mana \u00bb et \u00ab Echthes me to feggari \u00bb etc.<br \/><br \/><b>Karapataki <\/b>\u2013 Il s\u2019agit d\u2019une danse qui, dans la r\u00e9gion de l\u2019\u00c9pire, est g\u00e9n\u00e9ralement dans\u00e9e sous le nom de Zagorisios. Dans le<br \/>r\u00e9gion de Konitsa et de Mac\u00e9doine occidentale, elle appara\u00eet avec des marches particuli\u00e8res.<br \/><b>Tsamiko <\/b>(Chansons telles que \u00ab Varethika tin ksenitia, Fekse feggaraki mou, Perdika \u00bb, etc.) \u2013 Le c\u00e9l\u00e8bre<br \/>rythme du tsamiko dans une forme de danse locale particuli\u00e8re.<br \/><br \/><b>Berati de Konitsa<\/b> \u2013 Objectif biologique sp\u00e9cial portant le nom du village de Berati en Albanie. Le<br \/>la m\u00e9lodie appara\u00eet \u00e9galement dans d&#039;autres r\u00e9gions de l&#039;\u00c9pire avec une m\u00e9lodie et une danse diff\u00e9rentes. La r\u00e9gion de Konitsa<br \/>porte sa propre m\u00e9lodie sp\u00e9ciale et ses pas particuliers.<br \/><br \/><b>Papa Georges<\/b> \u2013 Le chant de Papajiorgis, dans de nombreuses variations diff\u00e9rentes tant en \u00c9pire qu&#039;ailleurs<br \/>r\u00e9gions de Rumeli, de Thessalie et de Mac\u00e9doine, est peut-\u00eatre un exemple unique de l\u00e9gende sur un<br \/>eccl\u00e9siastique qui s&#039;est lanc\u00e9 dans la lutte r\u00e9volutionnaire. D&#039;autres danses sur le m\u00eame mod\u00e8le peuvent<br \/>se trouvent de la m\u00eame mani\u00e8re, comme le bien connu dans la r\u00e9gion &#039;Krasi m&#039; se pino gia kalo&#039;, qui<br \/>se danse de la m\u00eame mani\u00e8re.<br \/><br \/><b>Padiotiko <\/b>\u2013 Une danse sp\u00e9ciale avec des pas bas\u00e9s sur le mod\u00e8le de danse de Syrtos en trois.<br \/><br \/><b>Thilikoto <\/b>\u2013 Dansez avec une poign\u00e9e sp\u00e9ciale. L&#039;une des chansons les plus c\u00e9l\u00e8bres est \u00ab Ime mikro ke mavro \u00bb.<\/p>\t\t\t\t\t\t<\/div>\n\t\t\t\t<\/div>\n\t\t\t\t\t<\/div>\n\t\t\t\t<\/div>\n\t\t\t\t<\/div>","protected":false},"excerpt":{"rendered":"<p>Traditional dances The province of Konitsa, which covers the area extending from Gramos to Tymfi and bordering Western Macedonia to the east and Albania to the west, presents its own particular cultural characteristics in terms of collective expression and creation such as music and dance. The music and dance &#8216;tradition&#8217; of Konitsa includes all the [&hellip;]<\/p>","protected":false},"author":1,"featured_media":0,"parent":3616,"menu_order":0,"comment_status":"closed","ping_status":"closed","template":"","meta":{"_acf_changed":false,"inline_featured_image":false,"footnotes":""},"class_list":["post-3618","page","type-page","status-publish","hentry"],"acf":[],"_links":{"self":[{"href":"https:\/\/culturaltourism.gr\/fr\/wp-json\/wp\/v2\/pages\/3618","targetHints":{"allow":["GET"]}}],"collection":[{"href":"https:\/\/culturaltourism.gr\/fr\/wp-json\/wp\/v2\/pages"}],"about":[{"href":"https:\/\/culturaltourism.gr\/fr\/wp-json\/wp\/v2\/types\/page"}],"author":[{"embeddable":true,"href":"https:\/\/culturaltourism.gr\/fr\/wp-json\/wp\/v2\/users\/1"}],"replies":[{"embeddable":true,"href":"https:\/\/culturaltourism.gr\/fr\/wp-json\/wp\/v2\/comments?post=3618"}],"version-history":[{"count":22,"href":"https:\/\/culturaltourism.gr\/fr\/wp-json\/wp\/v2\/pages\/3618\/revisions"}],"predecessor-version":[{"id":4435,"href":"https:\/\/culturaltourism.gr\/fr\/wp-json\/wp\/v2\/pages\/3618\/revisions\/4435"}],"up":[{"embeddable":true,"href":"https:\/\/culturaltourism.gr\/fr\/wp-json\/wp\/v2\/pages\/3616"}],"wp:attachment":[{"href":"https:\/\/culturaltourism.gr\/fr\/wp-json\/wp\/v2\/media?parent=3618"}],"curies":[{"name":"wp","href":"https:\/\/api.w.org\/{rel}","templated":true}]}}